{"id":64,"date":"2018-12-08T11:50:58","date_gmt":"2018-12-08T11:50:58","guid":{"rendered":"http:\/\/madeleinepetry.com\/?page_id=64"},"modified":"2020-06-25T14:38:52","modified_gmt":"2020-06-25T14:38:52","slug":"impressum","status":"publish","type":"page","link":"https:\/\/madeleinepetry.com\/?page_id=64","title":{"rendered":"IMPRESSUM"},"content":{"rendered":"\n<div class=\"is-layout-flow wp-block-group\"><div class=\"wp-block-group__inner-container\">\n<h3>Impressum<\/h3>\n<p>Madeleine Petry<br \/>\nManfred-von-Richthofen-Stra\u00dfe 17<br \/>12101 Berlin<\/p>\n\n<p>E-Mail: <a href=\"mailto:mail@madeleinepetry.com\">mail@madeleinepetry.com<\/a><br\n\/>\n<\/p>\n<p><strong>Verantwortlich f\u00fcr den Inhalt<\/strong> (gem. \u00a7 55 Abs. 2 RStV):<br\n\/>Madeleine Petry<br \/>\nManfred-von-Richthofen-Stra\u00dfe 17<br \/>\n12101 Berlin<\/p>\n<p><strong>Bildrechte:<\/strong><br \/>Fotos teilweise von Susanne M\u00fcller<\/p>\n<br \/><br \/><h3>Disclaimer \u2013 rechtliche Hinweise<\/h3>\n<p>\n\u00a7 1 Warnhinweis zu Inhalten<br \/>\nDie kostenlosen und frei zug\u00e4nglichen Inhalte dieser Webseite wurden mit\ngr\u00f6\u00dftm\u00f6glicher Sorgfalt erstellt. Der Anbieter dieser Webseite \u00fcbernimmt jedoch\nkeine Gew\u00e4hr f\u00fcr die Richtigkeit und Aktualit\u00e4t der bereitgestellten kostenlosen\nund frei zug\u00e4nglichen journalistischen Ratgeber und Nachrichten. Namentlich\ngekennzeichnete Beitr\u00e4ge geben die Meinung des jeweiligen Autors und nicht immer\ndie Meinung des Anbieters wieder. Allein durch den Aufruf der kostenlosen und\nfrei zug\u00e4nglichen Inhalte kommt keinerlei Vertragsverh\u00e4ltnis zwischen dem Nutzer\nund dem Anbieter zustande, insoweit fehlt es am Rechtsbindungswillen des\nAnbieters.<br \/>\n<br \/>\n\u00a7 2 Externe Links<br \/>\nDiese Website enth\u00e4lt Verkn\u00fcpfungen zu Websites Dritter (&#8222;externe Links&#8220;). Diese\nWebsites unterliegen der Haftung der jeweiligen Betreiber. Der Anbieter hat bei\nder erstmaligen Verkn\u00fcpfung der externen Links die fremden Inhalte daraufhin\n\u00fcberpr\u00fcft, ob etwaige Rechtsverst\u00f6\u00dfe bestehen. Zu dem Zeitpunkt waren keine\nRechtsverst\u00f6\u00dfe ersichtlich. Der Anbieter hat keinerlei Einfluss auf die aktuelle\nund zuk\u00fcnftige Gestaltung und auf die Inhalte der verkn\u00fcpften Seiten. Das Setzen\nvon externen Links bedeutet nicht, dass sich der Anbieter die hinter dem Verweis\noder Link liegenden Inhalte zu Eigen macht. Eine st\u00e4ndige Kontrolle der externen\nLinks ist f\u00fcr den Anbieter ohne konkrete Hinweise auf Rechtsverst\u00f6\u00dfe nicht\nzumutbar. Bei Kenntnis von Rechtsverst\u00f6\u00dfen werden jedoch derartige externe Links\nunverz\u00fcglich gel\u00f6scht.<br \/>\n<br \/>\n\u00a7 3 Urheber- und Leistungsschutzrechte<br \/>\nDie auf dieser Website ver\u00f6ffentlichten Inhalte unterliegen dem deutschen\nUrheber- und Leistungsschutzrecht. Jede vom deutschen Urheber- und\nLeistungsschutzrecht nicht zugelassene Verwertung bedarf der vorherigen\nschriftlichen Zustimmung des Anbieters oder jeweiligen Rechteinhabers. Dies gilt\ninsbesondere f\u00fcr Vervielf\u00e4ltigung, Bearbeitung, \u00dcbersetzung, Einspeicherung,\nVerarbeitung bzw. Wiedergabe von Inhalten in Datenbanken oder anderen\nelektronischen Medien und Systemen. Inhalte und Rechte Dritter sind dabei als\nsolche gekennzeichnet. Die unerlaubte Vervielf\u00e4ltigung oder Weitergabe einzelner\nInhalte oder kompletter Seiten ist nicht gestattet und strafbar. Lediglich die\nHerstellung von Kopien und Downloads f\u00fcr den pers\u00f6nlichen, privaten und nicht\nkommerziellen Gebrauch ist erlaubt.<br \/>\n<br \/>\nDie Darstellung dieser Website in fremden Frames ist nur mit schriftlicher\nErlaubnis zul\u00e4ssig.<br \/>\n<br \/>\n\u00a7 4 Besondere Nutzungsbedingungen<br \/>\nSoweit besondere Bedingungen f\u00fcr einzelne Nutzungen dieser Website von den\nvorgenannten Paragraphen abweichen, wird an entsprechender Stelle ausdr\u00fccklich\ndarauf hingewiesen. In diesem Falle gelten im jeweiligen Einzelfall die\nbesonderen Nutzungsbedingungen.<p>Quelle: <a\nhref=\"https:\/\/www.juraforum.de\/impressum-generator\/\">Impressum Vorlage von\nJuraForum.de<\/a><\/p>\n<\/p>\n<\/div><\/div>\n","protected":false},"excerpt":{"rendered":"<p>Impressum Madeleine Petry Manfred-von-Richthofen-Stra\u00dfe 1712101 Berlin E-Mail: mail@madeleinepetry.com Verantwortlich f\u00fcr den Inhalt (gem. \u00a7 55 Abs. 2 RStV):Madeleine Petry Manfred-von-Richthofen-Stra\u00dfe 17 12101 Berlin Bildrechte:Fotos teilweise von Susanne M\u00fcller Disclaimer \u2013 rechtliche Hinweise \u00a7 1 Warnhinweis zu Inhalten Die kostenlosen und frei zug\u00e4nglichen Inhalte dieser Webseite wurden mit gr\u00f6\u00dftm\u00f6glicher Sorgfalt erstellt. Der Anbieter dieser Webseite \u00fcbernimmt [&hellip;]<\/p>\n","protected":false},"author":2,"featured_media":482,"parent":0,"menu_order":0,"comment_status":"closed","ping_status":"closed","template":"","meta":{"ngg_post_thumbnail":0},"_links":{"self":[{"href":"https:\/\/madeleinepetry.com\/index.php?rest_route=\/wp\/v2\/pages\/64"}],"collection":[{"href":"https:\/\/madeleinepetry.com\/index.php?rest_route=\/wp\/v2\/pages"}],"about":[{"href":"https:\/\/madeleinepetry.com\/index.php?rest_route=\/wp\/v2\/types\/page"}],"author":[{"embeddable":true,"href":"https:\/\/madeleinepetry.com\/index.php?rest_route=\/wp\/v2\/users\/2"}],"replies":[{"embeddable":true,"href":"https:\/\/madeleinepetry.com\/index.php?rest_route=%2Fwp%2Fv2%2Fcomments&post=64"}],"version-history":[{"count":9,"href":"https:\/\/madeleinepetry.com\/index.php?rest_route=\/wp\/v2\/pages\/64\/revisions"}],"predecessor-version":[{"id":523,"href":"https:\/\/madeleinepetry.com\/index.php?rest_route=\/wp\/v2\/pages\/64\/revisions\/523"}],"wp:featuredmedia":[{"embeddable":true,"href":"https:\/\/madeleinepetry.com\/index.php?rest_route=\/wp\/v2\/media\/482"}],"wp:attachment":[{"href":"https:\/\/madeleinepetry.com\/index.php?rest_route=%2Fwp%2Fv2%2Fmedia&parent=64"}],"curies":[{"name":"wp","href":"https:\/\/api.w.org\/{rel}","templated":true}]}}