{"id":2,"date":"2016-05-10T03:48:21","date_gmt":"2016-05-10T03:48:21","guid":{"rendered":"http:\/\/madeleinepetry.com\/?page_id=2"},"modified":"2021-03-03T14:28:33","modified_gmt":"2021-03-03T14:28:33","slug":"sample-page","status":"publish","type":"page","link":"https:\/\/madeleinepetry.com\/","title":{"rendered":"MADELEINE"},"content":{"rendered":"\n<p><\/p>\n\n\n\n<div class=\"is-layout-flow wp-block-group\"><div class=\"wp-block-group__inner-container\">\n<blockquote>\n<h5 style=\"text-align: center;\"><em>&#8222;WENN DU DEIN GELD NICHT MAL MIT REDEN VERDIENST, <\/em><em>DANN FRESS&#8216; ICH EINEN BESEN!&#8220;<\/em><\/h5>\n<\/blockquote>\n<p style=\"text-align: left;\"><span style=\"font-weight: 400;\">Das sagte meine Oma zu mir als ich drei Jahre alt war. Good News: Einem Darmverschluss wegen Verspeisens eines Reinigungsgegenstandes ist sie entkommen, weil sie Recht behalten sollte!<\/span><\/p>\n<p style=\"text-align: left;\"><span style=\"font-weight: 400;\">Reden kann ich mit Menschen, mit meinem Hund Freddy, in einer 10-min\u00fctigen Sprachnachricht, w\u00e4hrend Telefonaten, in ein Mikrofon, vor einer Kamera, im Schlaf, auf Deutsch, auf Englisch&#8230;&nbsp;<\/span><\/p>\n<p style=\"text-align: left;\"><span style=\"font-weight: 400;\">Alles was mit Kommunikation zu tun hat macht mir Riesenspa\u00df. W\u00e4hrend meines Medienwissenschaften-Studiums gr\u00fcndete und moderierte ich das Reportage-Magazin<\/span><a href=\"https:\/\/www.nrwision.de\/mediathek\/querstreifen-wir-gefuehl-140918\/\"><span style=\"font-weight: 400;\"> \u201eQuerstreifen\u201c<\/span><\/a><span style=\"font-weight: 400;\">.<\/span><\/p>\n<p style=\"text-align: left;\"><span style=\"font-weight: 400;\">Nach diversen Praktika im Anschluss an mein Studium, unter anderem beim ZDF &amp; dem SWR, machte ich ein Volontariat in einer Berliner TV-Produktionsfirma. Als Redakteurin recherchierte und realisierte ich <\/span><a href=\"https:\/\/www.youtube.com\/watch?v=UoYqExbv6fQ\"><span style=\"font-weight: 400;\">&nbsp;Beitr\u00e4ge f\u00fcr Stern TV<\/span><\/a><span style=\"font-weight: 400;\">. Anschlie\u00dfend war ich frei f\u00fcr die K\u00f6lner Produktionsfirma I&amp;U TV t\u00e4tig \u2013 in erster Linie als Casting-Redakteurin.<\/span><\/p>\n<p style=\"text-align: left;\"><span style=\"font-weight: 400;\">Und damit meine Oma auch wirklich niemals einen Besen in den Mund nehmen muss, schnappte ich mir dann das Mikrofon vom Berliner Rock Radiosender<\/span><a href=\"https:\/\/www.youtube.com\/watch?v=OtoP4ykq_i4\"><span style=\"font-weight: 400;\"> Star FM<\/span><\/a><span style=\"font-weight: 400;\"> \u2013 als Moderatorin &amp; Redakteurin.<\/span><\/p>\n<p style=\"text-align: left;\"><span style=\"font-weight: 400;\">Was ich am meisten lieben gelernt habe: Den verschiedensten Leuten die Fragen stellen, die wirklich interessieren, die man sich aber ohne Mikrofon nie trauen w\u00fcrde zu fragen.<\/span><\/p>\n<p style=\"text-align: left;\"><span style=\"font-weight: 400;\">Noch ausgiebiger mache ich genau das jetzt mit meiner Kollegin Ronja Thiede in unserem gemeinsamen Podcast<\/span><a href=\"https:\/\/open.spotify.com\/show\/2hsMjrFOaPRMYFsSF3AKYK\"><span style=\"font-weight: 400;\"> BULLSHIT BINGO<\/span><\/a><span style=\"font-weight: 400;\"> \u2013 dort sprechen wir jeden zweiten Donnerstag mit anderen Gespr\u00e4chspartner*innen \u00fcber S\u00e4tze, die sie nicht mehr h\u00f6ren k\u00f6nnen und wollen &#8211; und warum das so ist!<\/span><\/p>\n<\/div><\/div>\n\n\n\n<ul class=\"is-layout-flex wp-block-social-links aligncenter is-style-pill-shape\">\n\n\n\n<li class=\"wp-social-link wp-social-link-instagram wp-block-social-link\"><a href=\"https:\/\/www.instagram.com\/madelonini\/?hl=de\"  class=\"wp-block-social-link-anchor\"><svg width=\"24\" height=\"24\" viewBox=\"0 0 24 24\" version=\"1.1\" xmlns=\"http:\/\/www.w3.org\/2000\/svg\" aria-hidden=\"true\" focusable=\"false\"><path d=\"M12,4.622c2.403,0,2.688,0.009,3.637,0.052c0.877,0.04,1.354,0.187,1.671,0.31c0.42,0.163,0.72,0.358,1.035,0.673 c0.315,0.315,0.51,0.615,0.673,1.035c0.123,0.317,0.27,0.794,0.31,1.671c0.043,0.949,0.052,1.234,0.052,3.637 s-0.009,2.688-0.052,3.637c-0.04,0.877-0.187,1.354-0.31,1.671c-0.163,0.42-0.358,0.72-0.673,1.035 c-0.315,0.315-0.615,0.51-1.035,0.673c-0.317,0.123-0.794,0.27-1.671,0.31c-0.949,0.043-1.233,0.052-3.637,0.052 s-2.688-0.009-3.637-0.052c-0.877-0.04-1.354-0.187-1.671-0.31c-0.42-0.163-0.72-0.358-1.035-0.673 c-0.315-0.315-0.51-0.615-0.673-1.035c-0.123-0.317-0.27-0.794-0.31-1.671C4.631,14.688,4.622,14.403,4.622,12 s0.009-2.688,0.052-3.637c0.04-0.877,0.187-1.354,0.31-1.671c0.163-0.42,0.358-0.72,0.673-1.035 c0.315-0.315,0.615-0.51,1.035-0.673c0.317-0.123,0.794-0.27,1.671-0.31C9.312,4.631,9.597,4.622,12,4.622 M12,3 C9.556,3,9.249,3.01,8.289,3.054C7.331,3.098,6.677,3.25,6.105,3.472C5.513,3.702,5.011,4.01,4.511,4.511 c-0.5,0.5-0.808,1.002-1.038,1.594C3.25,6.677,3.098,7.331,3.054,8.289C3.01,9.249,3,9.556,3,12c0,2.444,0.01,2.751,0.054,3.711 c0.044,0.958,0.196,1.612,0.418,2.185c0.23,0.592,0.538,1.094,1.038,1.594c0.5,0.5,1.002,0.808,1.594,1.038 c0.572,0.222,1.227,0.375,2.185,0.418C9.249,20.99,9.556,21,12,21s2.751-0.01,3.711-0.054c0.958-0.044,1.612-0.196,2.185-0.418 c0.592-0.23,1.094-0.538,1.594-1.038c0.5-0.5,0.808-1.002,1.038-1.594c0.222-0.572,0.375-1.227,0.418-2.185 C20.99,14.751,21,14.444,21,12s-0.01-2.751-0.054-3.711c-0.044-0.958-0.196-1.612-0.418-2.185c-0.23-0.592-0.538-1.094-1.038-1.594 c-0.5-0.5-1.002-0.808-1.594-1.038c-0.572-0.222-1.227-0.375-2.185-0.418C14.751,3.01,14.444,3,12,3L12,3z M12,7.378 c-2.552,0-4.622,2.069-4.622,4.622S9.448,16.622,12,16.622s4.622-2.069,4.622-4.622S14.552,7.378,12,7.378z M12,15 c-1.657,0-3-1.343-3-3s1.343-3,3-3s3,1.343,3,3S13.657,15,12,15z M16.804,6.116c-0.596,0-1.08,0.484-1.08,1.08 s0.484,1.08,1.08,1.08c0.596,0,1.08-0.484,1.08-1.08S17.401,6.116,16.804,6.116z\"><\/path><\/svg><span class=\"wp-block-social-link-label screen-reader-text\">Instagram<\/span><\/a><\/li>\n\n<li class=\"wp-social-link wp-social-link-linkedin wp-block-social-link\"><a href=\"https:\/\/www.linkedin.com\/in\/madeleine-petry-9315781b1\/\"  class=\"wp-block-social-link-anchor\"><svg width=\"24\" height=\"24\" viewBox=\"0 0 24 24\" version=\"1.1\" xmlns=\"http:\/\/www.w3.org\/2000\/svg\" aria-hidden=\"true\" focusable=\"false\"><path d=\"M19.7,3H4.3C3.582,3,3,3.582,3,4.3v15.4C3,20.418,3.582,21,4.3,21h15.4c0.718,0,1.3-0.582,1.3-1.3V4.3 C21,3.582,20.418,3,19.7,3z M8.339,18.338H5.667v-8.59h2.672V18.338z M7.004,8.574c-0.857,0-1.549-0.694-1.549-1.548 c0-0.855,0.691-1.548,1.549-1.548c0.854,0,1.547,0.694,1.547,1.548C8.551,7.881,7.858,8.574,7.004,8.574z M18.339,18.338h-2.669 v-4.177c0-0.996-0.017-2.278-1.387-2.278c-1.389,0-1.601,1.086-1.601,2.206v4.249h-2.667v-8.59h2.559v1.174h0.037 c0.356-0.675,1.227-1.387,2.526-1.387c2.703,0,3.203,1.779,3.203,4.092V18.338z\"><\/path><\/svg><span class=\"wp-block-social-link-label screen-reader-text\">LinkedIn<\/span><\/a><\/li>\n\n<\/ul>\n\n\n\n<div class=\"is-layout-flex wp-container-8 wp-block-columns\">\n<div class=\"is-layout-flow wp-block-column\" style=\"flex-basis:25%\">\n<ul class=\"is-layout-flex wp-block-social-links\">\n\n\n\n\n\n\n\n\n\n<\/ul>\n<\/div>\n\n\n\n<div class=\"is-layout-flow wp-block-column\" style=\"flex-basis:50%\"><\/div>\n\n\n\n<div class=\"is-layout-flow wp-block-column\" style=\"flex-basis:25%\">\n<ul class=\"is-layout-flex wp-block-social-links\">\n\n<\/ul>\n\n\n\n<p><\/p>\n<\/div>\n<\/div>\n\n\n\n<div class=\"is-layout-flex wp-container-11 wp-block-columns\">\n<div class=\"is-layout-flow wp-block-column\"><\/div>\n\n\n\n<div class=\"is-layout-flow wp-block-column\"><\/div>\n<\/div>\n\n\n\n<div class=\"is-layout-flex wp-container-15 wp-block-columns\">\n<div class=\"is-layout-flow wp-block-column\" style=\"flex-basis:33.33%\">\n<ul class=\"is-layout-flex wp-block-social-links\">\n\n\n\n\n\n\n\n<\/ul>\n<\/div>\n\n\n\n<div class=\"is-layout-flow wp-block-column\" style=\"flex-basis:66.66%\"><\/div>\n<\/div>\n","protected":false},"excerpt":{"rendered":"<p>&#8222;WENN DU DEIN GELD NICHT MAL MIT REDEN VERDIENST, DANN FRESS&#8216; ICH EINEN BESEN!&#8220; Das sagte meine Oma zu mir als ich drei Jahre alt war. Good News: Einem Darmverschluss wegen Verspeisens eines Reinigungsgegenstandes ist sie entkommen, weil sie Recht behalten sollte! Reden kann ich mit Menschen, mit meinem Hund Freddy, in einer 10-min\u00fctigen Sprachnachricht, [&hellip;]<\/p>\n","protected":false},"author":1,"featured_media":575,"parent":0,"menu_order":0,"comment_status":"closed","ping_status":"closed","template":"","meta":{"ngg_post_thumbnail":0},"_links":{"self":[{"href":"https:\/\/madeleinepetry.com\/index.php?rest_route=\/wp\/v2\/pages\/2"}],"collection":[{"href":"https:\/\/madeleinepetry.com\/index.php?rest_route=\/wp\/v2\/pages"}],"about":[{"href":"https:\/\/madeleinepetry.com\/index.php?rest_route=\/wp\/v2\/types\/page"}],"author":[{"embeddable":true,"href":"https:\/\/madeleinepetry.com\/index.php?rest_route=\/wp\/v2\/users\/1"}],"replies":[{"embeddable":true,"href":"https:\/\/madeleinepetry.com\/index.php?rest_route=%2Fwp%2Fv2%2Fcomments&post=2"}],"version-history":[{"count":41,"href":"https:\/\/madeleinepetry.com\/index.php?rest_route=\/wp\/v2\/pages\/2\/revisions"}],"predecessor-version":[{"id":582,"href":"https:\/\/madeleinepetry.com\/index.php?rest_route=\/wp\/v2\/pages\/2\/revisions\/582"}],"wp:featuredmedia":[{"embeddable":true,"href":"https:\/\/madeleinepetry.com\/index.php?rest_route=\/wp\/v2\/media\/575"}],"wp:attachment":[{"href":"https:\/\/madeleinepetry.com\/index.php?rest_route=%2Fwp%2Fv2%2Fmedia&parent=2"}],"curies":[{"name":"wp","href":"https:\/\/api.w.org\/{rel}","templated":true}]}}